{"id":3063,"date":"2023-01-15T10:36:53","date_gmt":"2023-01-15T09:36:53","guid":{"rendered":"https:\/\/ingoldairlines.com\/?page_id=3063"},"modified":"2023-01-17T11:19:06","modified_gmt":"2023-01-17T10:19:06","slug":"zeppelin-museum-friedrichshafen","status":"publish","type":"page","link":"https:\/\/ingoldairlines.com\/?page_id=3063","title":{"rendered":"zeppelin museum friedrichshafen"},"content":{"rendered":"\t\t<div data-elementor-type=\"wp-page\" data-elementor-id=\"3063\" class=\"elementor elementor-3063\" data-elementor-post-type=\"page\">\n\t\t\t\t\t\t<section class=\"elementor-section elementor-top-section elementor-element elementor-element-050d507 elementor-section-boxed elementor-section-height-default elementor-section-height-default\" data-id=\"050d507\" data-element_type=\"section\" data-e-type=\"section\">\n\t\t\t\t\t\t<div class=\"elementor-container elementor-column-gap-default\">\n\t\t\t\t\t<div class=\"elementor-column elementor-col-100 elementor-top-column elementor-element elementor-element-10f10a3\" data-id=\"10f10a3\" data-element_type=\"column\" data-e-type=\"column\">\n\t\t\t<div class=\"elementor-widget-wrap elementor-element-populated\">\n\t\t\t\t\t\t<div class=\"elementor-element elementor-element-95d0fe0 elementor-widget elementor-widget-image\" data-id=\"95d0fe0\" data-element_type=\"widget\" data-e-type=\"widget\" data-widget_type=\"image.default\">\n\t\t\t\t<div class=\"elementor-widget-container\">\n\t\t\t\t\t\t\t\t\t\t\t\t\t\t\t<img fetchpriority=\"high\" decoding=\"async\" width=\"1024\" height=\"681\" src=\"https:\/\/ingoldairlines.com\/wp-content\/uploads\/2023\/01\/expo-Kopie.gif\" class=\"attachment-large size-large wp-image-3066\" alt=\"\" \/>\t\t\t\t\t\t\t\t\t\t\t\t\t\t\t<\/div>\n\t\t\t\t<\/div>\n\t\t\t\t\t<\/div>\n\t\t<\/div>\n\t\t\t\t\t<\/div>\n\t\t<\/section>\n\t\t\t\t<section class=\"elementor-section elementor-top-section elementor-element elementor-element-08addbc elementor-section-boxed elementor-section-height-default elementor-section-height-default\" data-id=\"08addbc\" data-element_type=\"section\" data-e-type=\"section\">\n\t\t\t\t\t\t<div class=\"elementor-container elementor-column-gap-default\">\n\t\t\t\t\t<div class=\"elementor-column elementor-col-100 elementor-top-column elementor-element elementor-element-3788987\" data-id=\"3788987\" data-element_type=\"column\" data-e-type=\"column\">\n\t\t\t<div class=\"elementor-widget-wrap elementor-element-populated\">\n\t\t\t\t\t\t<div class=\"elementor-element elementor-element-d3859bb elementor-widget elementor-widget-heading\" data-id=\"d3859bb\" data-element_type=\"widget\" data-e-type=\"widget\" data-widget_type=\"heading.default\">\n\t\t\t\t<div class=\"elementor-widget-container\">\n\t\t\t\t\t<h2 class=\"elementor-heading-title elementor-size-default\">Ingold Airlines - more than miles<\/h2>\t\t\t\t<\/div>\n\t\t\t\t<\/div>\n\t\t\t\t\t<\/div>\n\t\t<\/div>\n\t\t\t\t\t<\/div>\n\t\t<\/section>\n\t\t\t\t<section class=\"elementor-section elementor-top-section elementor-element elementor-element-b2c0211 elementor-section-boxed elementor-section-height-default elementor-section-height-default\" data-id=\"b2c0211\" data-element_type=\"section\" data-e-type=\"section\">\n\t\t\t\t\t\t<div class=\"elementor-container elementor-column-gap-default\">\n\t\t\t\t\t<div class=\"elementor-column elementor-col-25 elementor-top-column elementor-element elementor-element-c68e93f\" data-id=\"c68e93f\" data-element_type=\"column\" data-e-type=\"column\">\n\t\t\t<div class=\"elementor-widget-wrap elementor-element-populated\">\n\t\t\t\t\t\t<div class=\"elementor-element elementor-element-9d3d67d elementor-widget elementor-widget-text-editor\" data-id=\"9d3d67d\" data-element_type=\"widget\" data-e-type=\"widget\" data-widget_type=\"text-editor.default\">\n\t\t\t\t<div class=\"elementor-widget-container\">\n\t\t\t\t\t\t\t\t\t<p>Synergiepotenziale, Vorweg-nahme von Probleml\u00f6sungen, Prozessen, Gebrauchsobjekten, n\u00fctzlichen Einrichtungen. Corporate Identity Relaunch, Ausstellung und Aktion\u00e4rs-versammlung im Zeppelin Museum 1999-2000 <br \/>Kuratiert von Dr. Dirk Bl\u00fcbaum<\/p>\t\t\t\t\t\t\t\t<\/div>\n\t\t\t\t<\/div>\n\t\t\t\t\t<\/div>\n\t\t<\/div>\n\t\t\t\t<div class=\"elementor-column elementor-col-25 elementor-top-column elementor-element elementor-element-bd5026f\" data-id=\"bd5026f\" data-element_type=\"column\" data-e-type=\"column\">\n\t\t\t<div class=\"elementor-widget-wrap elementor-element-populated\">\n\t\t\t\t\t\t<div class=\"elementor-element elementor-element-39a69fe elementor-widget elementor-widget-text-editor\" data-id=\"39a69fe\" data-element_type=\"widget\" data-e-type=\"widget\" data-widget_type=\"text-editor.default\">\n\t\t\t\t<div class=\"elementor-widget-container\">\n\t\t\t\t\t\t\t\t\t<p>Synergy potentials, anticipation of problem solutions, processes, utility objects, useful facilities. Corporate Identity Relaunch, Exhibition and Shareholders&#8216; Meeting at the Zeppelin Museum 1999-2000<br \/>Curated by Dr. Dirk Bl\u00fcbaum<\/p>\t\t\t\t\t\t\t\t<\/div>\n\t\t\t\t<\/div>\n\t\t\t\t\t<\/div>\n\t\t<\/div>\n\t\t\t\t<div class=\"elementor-column elementor-col-25 elementor-top-column elementor-element elementor-element-e91f63a\" data-id=\"e91f63a\" data-element_type=\"column\" data-e-type=\"column\">\n\t\t\t<div class=\"elementor-widget-wrap elementor-element-populated\">\n\t\t\t\t\t\t<div class=\"elementor-element elementor-element-09dfd19 elementor-widget elementor-widget-text-editor\" data-id=\"09dfd19\" data-element_type=\"widget\" data-e-type=\"widget\" data-widget_type=\"text-editor.default\">\n\t\t\t\t<div class=\"elementor-widget-container\">\n\t\t\t\t\t\t\t\t\t<p>Potenziali di sinergia, antici-pazione di soluzioni di problemi, processi, oggetti utili, strutture utili. Rilancio dell&#8217;identit\u00e0 aziendale, mostra e assemblea degli azionisti al Museo Zeppelin 1999-2000<br \/>A cura del Dr. Dirk Bl\u00fcbaum<\/p>\t\t\t\t\t\t\t\t<\/div>\n\t\t\t\t<\/div>\n\t\t\t\t\t<\/div>\n\t\t<\/div>\n\t\t\t\t<div class=\"elementor-column elementor-col-25 elementor-top-column elementor-element elementor-element-94e7ec0\" data-id=\"94e7ec0\" data-element_type=\"column\" data-e-type=\"column\">\n\t\t\t<div class=\"elementor-widget-wrap elementor-element-populated\">\n\t\t\t\t\t\t<div class=\"elementor-element elementor-element-b3cf8c8 elementor-widget elementor-widget-text-editor\" data-id=\"b3cf8c8\" data-element_type=\"widget\" data-e-type=\"widget\" data-widget_type=\"text-editor.default\">\n\t\t\t\t<div class=\"elementor-widget-container\">\n\t\t\t\t\t\t\t\t\t<p>Potentiels de synergie, antici-pation de solutions aux probl\u00e8mes, processus, objets d&#8217;usage, \u00e9quipements utiles. Relance de l&#8217;identit\u00e9 d&#8217;entreprise, exposition et assembl\u00e9e des actionnaires au mus\u00e9e Zeppelin 1999-2000.<br \/>Organis\u00e9 par Dr. Dirk Bl\u00fcbaum<\/p>\t\t\t\t\t\t\t\t<\/div>\n\t\t\t\t<\/div>\n\t\t\t\t\t<\/div>\n\t\t<\/div>\n\t\t\t\t\t<\/div>\n\t\t<\/section>\n\t\t\t\t<section class=\"elementor-section elementor-top-section elementor-element elementor-element-05b2e83 elementor-section-boxed elementor-section-height-default elementor-section-height-default\" data-id=\"05b2e83\" data-element_type=\"section\" data-e-type=\"section\">\n\t\t\t\t\t\t<div class=\"elementor-container elementor-column-gap-default\">\n\t\t\t\t\t<div class=\"elementor-column elementor-col-100 elementor-top-column elementor-element elementor-element-14b35dd\" data-id=\"14b35dd\" data-element_type=\"column\" data-e-type=\"column\">\n\t\t\t<div class=\"elementor-widget-wrap elementor-element-populated\">\n\t\t\t\t\t\t<div class=\"elementor-element elementor-element-66d7759 elementor-widget elementor-widget-image\" data-id=\"66d7759\" data-element_type=\"widget\" data-e-type=\"widget\" data-widget_type=\"image.default\">\n\t\t\t\t<div class=\"elementor-widget-container\">\n\t\t\t\t\t\t\t\t\t\t\t\t\t\t\t<img decoding=\"async\" width=\"1024\" height=\"778\" src=\"https:\/\/ingoldairlines.com\/wp-content\/uploads\/2023\/01\/seport-2-Kopie.gif\" class=\"attachment-large size-large wp-image-3067\" alt=\"\" \/>\t\t\t\t\t\t\t\t\t\t\t\t\t\t\t<\/div>\n\t\t\t\t<\/div>\n\t\t\t\t\t<\/div>\n\t\t<\/div>\n\t\t\t\t\t<\/div>\n\t\t<\/section>\n\t\t\t\t<section class=\"elementor-section elementor-top-section elementor-element elementor-element-97ef60c elementor-section-boxed elementor-section-height-default elementor-section-height-default\" data-id=\"97ef60c\" data-element_type=\"section\" data-e-type=\"section\">\n\t\t\t\t\t\t<div class=\"elementor-container elementor-column-gap-default\">\n\t\t\t\t\t<div class=\"elementor-column elementor-col-25 elementor-top-column elementor-element elementor-element-80d0fb9\" data-id=\"80d0fb9\" data-element_type=\"column\" data-e-type=\"column\">\n\t\t\t<div class=\"elementor-widget-wrap elementor-element-populated\">\n\t\t\t\t\t\t<div class=\"elementor-element elementor-element-d6b78d1 elementor-widget elementor-widget-text-editor\" data-id=\"d6b78d1\" data-element_type=\"widget\" data-e-type=\"widget\" data-widget_type=\"text-editor.default\">\n\t\t\t\t<div class=\"elementor-widget-container\">\n\t\t\t\t\t\t\t\t\t<p>Das Unternehmen ingold airlines ist nicht einfach eine Fluggesell-schaft, es ist vielmehr eine geistige Haltung, eine innere \u00dcberzeugung. Denn f\u00fcr ingold airlines ist Fliegen nur zum Teil ein realer, materieller Vorgang. Es ist auch immaterielle Idee. (\u2026)<br \/>ingold airlines verfolgt deshalb nicht nur Hauptwege\u2013wie das Perfektionieren des Fliegen als Anbieter von Verkehrs &#8211; und Transportmitteln f\u00fcr Menschen und Waren bis in kleinste und deshalb attraktive Nischenm\u00e4rkte hinein. Sondern auch Nebenwege als Provider von Transportmedien zum Beispiel immaterieller G\u00fcter wie Gedanken, Informationen, Energien oder qualitativer Werte wie Images oder Emotionen.<br \/>schlicht nilshon corporate <\/p>\t\t\t\t\t\t\t\t<\/div>\n\t\t\t\t<\/div>\n\t\t\t\t\t<\/div>\n\t\t<\/div>\n\t\t\t\t<div class=\"elementor-column elementor-col-25 elementor-top-column elementor-element elementor-element-4bc6a8c\" data-id=\"4bc6a8c\" data-element_type=\"column\" data-e-type=\"column\">\n\t\t\t<div class=\"elementor-widget-wrap elementor-element-populated\">\n\t\t\t\t\t\t<div class=\"elementor-element elementor-element-9f98a92 elementor-widget elementor-widget-text-editor\" data-id=\"9f98a92\" data-element_type=\"widget\" data-e-type=\"widget\" data-widget_type=\"text-editor.default\">\n\t\t\t\t<div class=\"elementor-widget-container\">\n\t\t\t\t\t\t\t\t\t<p>The company ingold airlines is not simply an airline, it is rather a spiritual attitude, an inner con-viction. Because for ingold airlines, flying is only partly a real, material process. It is also an immaterial idea. (&#8230;)<br \/>ingold airlines is therefore not only pursuing main avenues &#8211; such as the perfection of flying as a provider of traffic and transport means for people and goods into the smallest and therefore attractive niche markets. But also secondary routes-as a provider of transport media, for example, of immaterial goods such as thoughts, information, energy or qualitative values such as images or emotions.<br \/>schlicht nilshon corporate <\/p>\t\t\t\t\t\t\t\t<\/div>\n\t\t\t\t<\/div>\n\t\t\t\t\t<\/div>\n\t\t<\/div>\n\t\t\t\t<div class=\"elementor-column elementor-col-25 elementor-top-column elementor-element elementor-element-e469a79\" data-id=\"e469a79\" data-element_type=\"column\" data-e-type=\"column\">\n\t\t\t<div class=\"elementor-widget-wrap elementor-element-populated\">\n\t\t\t\t\t\t<div class=\"elementor-element elementor-element-c0ab534 elementor-widget elementor-widget-text-editor\" data-id=\"c0ab534\" data-element_type=\"widget\" data-e-type=\"widget\" data-widget_type=\"text-editor.default\">\n\t\t\t\t<div class=\"elementor-widget-container\">\n\t\t\t\t\t\t\t\t\t<p>La compagnia ingold airlines non \u00e8 semplicemente una compagnia aerea, \u00e8 piuttosto un atteggia-mento spirituale, una convinzione interiore. Perch\u00e9 per le compa-gnie aeree ingold il volo \u00e8 solo in parte un processo reale e materi-ale. \u00c8 anche un&#8217;idea immateriale. (&#8230;)<br \/>ingold airlines non si limita quindi a perseguire le strade principali, come il perfezionamento del volo come fornitore di traffico e mezzi di trasporto per persone e merci nei mercati di nicchia pi\u00f9 piccoli e quindi interessanti. Ma anche vie secondarie, come fornitore di mezzi di trasporto, ad esempio, di beni immateriali come pensieri, informazioni, energia o valori qua-litativi come immagini o emozioni.<br \/>schlicht nilshon corporate <\/p>\t\t\t\t\t\t\t\t<\/div>\n\t\t\t\t<\/div>\n\t\t\t\t\t<\/div>\n\t\t<\/div>\n\t\t\t\t<div class=\"elementor-column elementor-col-25 elementor-top-column elementor-element elementor-element-775841b\" data-id=\"775841b\" data-element_type=\"column\" data-e-type=\"column\">\n\t\t\t<div class=\"elementor-widget-wrap elementor-element-populated\">\n\t\t\t\t\t\t<div class=\"elementor-element elementor-element-f766715 elementor-widget elementor-widget-text-editor\" data-id=\"f766715\" data-element_type=\"widget\" data-e-type=\"widget\" data-widget_type=\"text-editor.default\">\n\t\t\t\t<div class=\"elementor-widget-container\">\n\t\t\t\t\t\t\t\t\t<p>L&#8217;entreprise ingold airlines n&#8217;est pas simplement une compagnie a\u00e9rienne, c&#8217;est plut\u00f4t une attitude mentale, une conviction int\u00e9ri-eure. Car pour ingold airlines, voler n&#8217;est qu&#8217;en partie un pro-cessus r\u00e9el et mat\u00e9riel. C&#8217;est aussi une id\u00e9e immat\u00e9rielle. (&#8230;)<br \/>C&#8217;est pourquoi ingold airlines ne poursuit pas seulement des voies principales, comme le perfection-nement de l&#8217;aviation en tant que fournisseur de moyens de circu-lation et de transport pour les personnes et les marchandises, jusque dans les march\u00e9s de niche les plus petits et donc les plus attrayants. Mais aussi des voies secondaires, en tant que fournis-seur de moyens de transport, par exemple de biens immat\u00e9riels tels que des pens\u00e9es, des informa-tions, des \u00e9nergies ou des valeurs qualitatives telles que des images ou des \u00e9motions.<br \/>schlicht nilshon corporate <\/p>\t\t\t\t\t\t\t\t<\/div>\n\t\t\t\t<\/div>\n\t\t\t\t\t<\/div>\n\t\t<\/div>\n\t\t\t\t\t<\/div>\n\t\t<\/section>\n\t\t\t\t<section class=\"elementor-section elementor-top-section elementor-element elementor-element-4f77766 elementor-section-boxed elementor-section-height-default elementor-section-height-default\" data-id=\"4f77766\" data-element_type=\"section\" data-e-type=\"section\">\n\t\t\t\t\t\t<div class=\"elementor-container elementor-column-gap-default\">\n\t\t\t\t\t<div class=\"elementor-column elementor-col-25 elementor-top-column elementor-element elementor-element-8794554\" data-id=\"8794554\" data-element_type=\"column\" data-e-type=\"column\">\n\t\t\t<div class=\"elementor-widget-wrap elementor-element-populated\">\n\t\t\t\t\t\t<div class=\"elementor-element elementor-element-af28d69 elementor-widget elementor-widget-button\" data-id=\"af28d69\" data-element_type=\"widget\" data-e-type=\"widget\" data-widget_type=\"button.default\">\n\t\t\t\t<div class=\"elementor-widget-container\">\n\t\t\t\t\t\t\t\t\t<div class=\"elementor-button-wrapper\">\n\t\t\t\t\t<a class=\"elementor-button elementor-button-link elementor-size-sm\" href=\"https:\/\/vimeo.com\/673637779\" target=\"_blank\" id=\"vi-7\">\n\t\t\t\t\t\t<span class=\"elementor-button-content-wrapper\">\n\t\t\t\t\t\t\t\t\t<span class=\"elementor-button-text\">Video<\/span>\n\t\t\t\t\t<\/span>\n\t\t\t\t\t<\/a>\n\t\t\t\t<\/div>\n\t\t\t\t\t\t\t\t<\/div>\n\t\t\t\t<\/div>\n\t\t\t\t\t<\/div>\n\t\t<\/div>\n\t\t\t\t<div class=\"elementor-column elementor-col-25 elementor-top-column elementor-element elementor-element-4219d3e\" data-id=\"4219d3e\" data-element_type=\"column\" data-e-type=\"column\">\n\t\t\t<div class=\"elementor-widget-wrap\">\n\t\t\t\t\t\t\t<\/div>\n\t\t<\/div>\n\t\t\t\t<div class=\"elementor-column elementor-col-25 elementor-top-column elementor-element elementor-element-a3fbee2\" data-id=\"a3fbee2\" data-element_type=\"column\" data-e-type=\"column\">\n\t\t\t<div class=\"elementor-widget-wrap\">\n\t\t\t\t\t\t\t<\/div>\n\t\t<\/div>\n\t\t\t\t<div class=\"elementor-column elementor-col-25 elementor-top-column elementor-element elementor-element-898de98\" data-id=\"898de98\" data-element_type=\"column\" data-e-type=\"column\">\n\t\t\t<div class=\"elementor-widget-wrap\">\n\t\t\t\t\t\t\t<\/div>\n\t\t<\/div>\n\t\t\t\t\t<\/div>\n\t\t<\/section>\n\t\t\t\t<\/div>\n\t\t","protected":false},"excerpt":{"rendered":"<p>Ingold Airlines &#8211; more than miles Synergiepotenziale, Vorweg-nahme von Probleml\u00f6sungen, Prozessen, Gebrauchsobjekten, n\u00fctzlichen Einrichtungen. Corporate Identity Relaunch, Ausstellung und Aktion\u00e4rs-versammlung im Zeppelin Museum 1999-2000 Kuratiert von Dr. Dirk Bl\u00fcbaum Synergy potentials, anticipation of problem solutions, processes, utility objects, useful facilities. Corporate Identity Relaunch, Exhibition and Shareholders&#8216; Meeting at the Zeppelin Museum 1999-2000Curated by Dr. Dirk [&hellip;]<\/p>\n","protected":false},"author":1,"featured_media":0,"parent":93,"menu_order":14,"comment_status":"closed","ping_status":"closed","template":"","meta":{"ocean_post_layout":"full-screen","ocean_both_sidebars_style":"","ocean_both_sidebars_content_width":0,"ocean_both_sidebars_sidebars_width":0,"ocean_sidebar":"0","ocean_second_sidebar":"0","ocean_disable_margins":"enable","ocean_add_body_class":"","ocean_shortcode_before_top_bar":"","ocean_shortcode_after_top_bar":"","ocean_shortcode_before_header":"","ocean_shortcode_after_header":"","ocean_has_shortcode":"","ocean_shortcode_after_title":"","ocean_shortcode_before_footer_widgets":"","ocean_shortcode_after_footer_widgets":"","ocean_shortcode_before_footer_bottom":"","ocean_shortcode_after_footer_bottom":"","ocean_display_top_bar":"off","ocean_display_header":"off","ocean_header_style":"","ocean_center_header_left_menu":"0","ocean_custom_header_template":"0","ocean_custom_logo":0,"ocean_custom_retina_logo":0,"ocean_custom_logo_max_width":0,"ocean_custom_logo_tablet_max_width":0,"ocean_custom_logo_mobile_max_width":0,"ocean_custom_logo_max_height":0,"ocean_custom_logo_tablet_max_height":0,"ocean_custom_logo_mobile_max_height":0,"ocean_header_custom_menu":"0","ocean_menu_typo_font_family":"0","ocean_menu_typo_font_subset":"","ocean_menu_typo_font_size":0,"ocean_menu_typo_font_size_tablet":0,"ocean_menu_typo_font_size_mobile":0,"ocean_menu_typo_font_size_unit":"px","ocean_menu_typo_font_weight":"","ocean_menu_typo_font_weight_tablet":"","ocean_menu_typo_font_weight_mobile":"","ocean_menu_typo_transform":"","ocean_menu_typo_transform_tablet":"","ocean_menu_typo_transform_mobile":"","ocean_menu_typo_line_height":0,"ocean_menu_typo_line_height_tablet":0,"ocean_menu_typo_line_height_mobile":0,"ocean_menu_typo_line_height_unit":"","ocean_menu_typo_spacing":0,"ocean_menu_typo_spacing_tablet":0,"ocean_menu_typo_spacing_mobile":0,"ocean_menu_typo_spacing_unit":"","ocean_menu_link_color":"","ocean_menu_link_color_hover":"","ocean_menu_link_color_active":"","ocean_menu_link_background":"","ocean_menu_link_hover_background":"","ocean_menu_link_active_background":"","ocean_menu_social_links_bg":"","ocean_menu_social_hover_links_bg":"","ocean_menu_social_links_color":"","ocean_menu_social_hover_links_color":"","ocean_disable_title":"default","ocean_disable_heading":"default","ocean_post_title":"","ocean_post_subheading":"","ocean_post_title_style":"","ocean_post_title_background_color":"","ocean_post_title_background":0,"ocean_post_title_bg_image_position":"","ocean_post_title_bg_image_attachment":"","ocean_post_title_bg_image_repeat":"","ocean_post_title_bg_image_size":"","ocean_post_title_height":0,"ocean_post_title_bg_overlay":0.5,"ocean_post_title_bg_overlay_color":"","ocean_disable_breadcrumbs":"default","ocean_breadcrumbs_color":"","ocean_breadcrumbs_separator_color":"","ocean_breadcrumbs_links_color":"","ocean_breadcrumbs_links_hover_color":"","ocean_display_footer_widgets":"off","ocean_display_footer_bottom":"off","ocean_custom_footer_template":"0","footnotes":""},"class_list":["post-3063","page","type-page","status-publish","hentry","entry"],"_links":{"self":[{"href":"https:\/\/ingoldairlines.com\/index.php?rest_route=\/wp\/v2\/pages\/3063","targetHints":{"allow":["GET"]}}],"collection":[{"href":"https:\/\/ingoldairlines.com\/index.php?rest_route=\/wp\/v2\/pages"}],"about":[{"href":"https:\/\/ingoldairlines.com\/index.php?rest_route=\/wp\/v2\/types\/page"}],"author":[{"embeddable":true,"href":"https:\/\/ingoldairlines.com\/index.php?rest_route=\/wp\/v2\/users\/1"}],"replies":[{"embeddable":true,"href":"https:\/\/ingoldairlines.com\/index.php?rest_route=%2Fwp%2Fv2%2Fcomments&post=3063"}],"version-history":[{"count":7,"href":"https:\/\/ingoldairlines.com\/index.php?rest_route=\/wp\/v2\/pages\/3063\/revisions"}],"predecessor-version":[{"id":3477,"href":"https:\/\/ingoldairlines.com\/index.php?rest_route=\/wp\/v2\/pages\/3063\/revisions\/3477"}],"up":[{"embeddable":true,"href":"https:\/\/ingoldairlines.com\/index.php?rest_route=\/wp\/v2\/pages\/93"}],"wp:attachment":[{"href":"https:\/\/ingoldairlines.com\/index.php?rest_route=%2Fwp%2Fv2%2Fmedia&parent=3063"}],"curies":[{"name":"wp","href":"https:\/\/api.w.org\/{rel}","templated":true}]}}