{"id":3117,"date":"2023-01-15T15:25:29","date_gmt":"2023-01-15T14:25:29","guid":{"rendered":"https:\/\/ingoldairlines.com\/?page_id=3117"},"modified":"2023-01-15T15:43:12","modified_gmt":"2023-01-15T14:43:12","slug":"arnsberg-approach","status":"publish","type":"page","link":"https:\/\/ingoldairlines.com\/?page_id=3117","title":{"rendered":"arnsberg approach"},"content":{"rendered":"\t\t<div data-elementor-type=\"wp-page\" data-elementor-id=\"3117\" class=\"elementor elementor-3117\" data-elementor-post-type=\"page\">\n\t\t\t\t\t\t<section class=\"elementor-section elementor-top-section elementor-element elementor-element-4428d0c elementor-section-boxed elementor-section-height-default elementor-section-height-default\" data-id=\"4428d0c\" data-element_type=\"section\" data-e-type=\"section\">\n\t\t\t\t\t\t<div class=\"elementor-container elementor-column-gap-default\">\n\t\t\t\t\t<div class=\"elementor-column elementor-col-100 elementor-top-column elementor-element elementor-element-c6f903a\" data-id=\"c6f903a\" data-element_type=\"column\" data-e-type=\"column\">\n\t\t\t<div class=\"elementor-widget-wrap elementor-element-populated\">\n\t\t\t\t\t\t<div class=\"elementor-element elementor-element-5cc3593 elementor-widget elementor-widget-image\" data-id=\"5cc3593\" data-element_type=\"widget\" data-e-type=\"widget\" data-widget_type=\"image.default\">\n\t\t\t\t<div class=\"elementor-widget-container\">\n\t\t\t\t\t\t\t\t\t\t\t\t\t\t\t<img fetchpriority=\"high\" decoding=\"async\" width=\"717\" height=\"495\" src=\"https:\/\/ingoldairlines.com\/wp-content\/uploads\/2023\/01\/arnsbergapproach-s.gif\" class=\"attachment-large size-large wp-image-3119\" alt=\"\" \/>\t\t\t\t\t\t\t\t\t\t\t\t\t\t\t<\/div>\n\t\t\t\t<\/div>\n\t\t\t\t\t<\/div>\n\t\t<\/div>\n\t\t\t\t\t<\/div>\n\t\t<\/section>\n\t\t\t\t<section class=\"elementor-section elementor-top-section elementor-element elementor-element-6a77216 elementor-section-boxed elementor-section-height-default elementor-section-height-default\" data-id=\"6a77216\" data-element_type=\"section\" data-e-type=\"section\">\n\t\t\t\t\t\t<div class=\"elementor-container elementor-column-gap-default\">\n\t\t\t\t\t<div class=\"elementor-column elementor-col-100 elementor-top-column elementor-element elementor-element-12c2450\" data-id=\"12c2450\" data-element_type=\"column\" data-e-type=\"column\">\n\t\t\t<div class=\"elementor-widget-wrap elementor-element-populated\">\n\t\t\t\t\t\t<div class=\"elementor-element elementor-element-8cd3e79 elementor-widget elementor-widget-heading\" data-id=\"8cd3e79\" data-element_type=\"widget\" data-e-type=\"widget\" data-widget_type=\"heading.default\">\n\t\t\t\t<div class=\"elementor-widget-container\">\n\t\t\t\t\t<h2 class=\"elementor-heading-title elementor-size-default\">Kunstverein Arnsberg 1992<\/h2>\t\t\t\t<\/div>\n\t\t\t\t<\/div>\n\t\t\t\t\t<\/div>\n\t\t<\/div>\n\t\t\t\t\t<\/div>\n\t\t<\/section>\n\t\t\t\t<section class=\"elementor-section elementor-top-section elementor-element elementor-element-98ec357 elementor-section-boxed elementor-section-height-default elementor-section-height-default\" data-id=\"98ec357\" data-element_type=\"section\" data-e-type=\"section\">\n\t\t\t\t\t\t<div class=\"elementor-container elementor-column-gap-default\">\n\t\t\t\t\t<div class=\"elementor-column elementor-col-25 elementor-top-column elementor-element elementor-element-d195736\" data-id=\"d195736\" data-element_type=\"column\" data-e-type=\"column\">\n\t\t\t<div class=\"elementor-widget-wrap elementor-element-populated\">\n\t\t\t\t\t\t<div class=\"elementor-element elementor-element-a2f268d elementor-widget elementor-widget-text-editor\" data-id=\"a2f268d\" data-element_type=\"widget\" data-e-type=\"widget\" data-widget_type=\"text-editor.default\">\n\t\t\t\t<div class=\"elementor-widget-container\">\n\t\t\t\t\t\t\t\t\t<p>Kampagne f\u00fcr eine Anbindung der Stadt Arnsberg ans internat-ionale Luftverkehrsnetz. Vom Anschlu\u00dfflugplatz Alt-Arnsberg geht der Arnsberg-Approach \u00fcber die Flugh\u00e4fen Dortmund, K\u00f6ln\/Bonn und Frankfurt in die ganze Welt. Das lokale Gewerbe wittert Aufschwung, w\u00e4hrend sich Natursch\u00fctzer \u00fcber die Zukunfts-perspektiven sorgen machen.<\/p><p>Andrea und Johannes Teiser, Kunstverein Arnsberg und das Kooperationsteam mit Raghild Berve, Raumplanerin und erste deutsche Regierungspr\u00e4sidentin 1990-1998, B\u00fcrgermeister Alex Paust, Flugplatzchef Martin Biener und Rolf Brand, Direktor des Verkehrsvereins.<\/p>\t\t\t\t\t\t\t\t<\/div>\n\t\t\t\t<\/div>\n\t\t\t\t\t<\/div>\n\t\t<\/div>\n\t\t\t\t<div class=\"elementor-column elementor-col-25 elementor-top-column elementor-element elementor-element-e5071d3\" data-id=\"e5071d3\" data-element_type=\"column\" data-e-type=\"column\">\n\t\t\t<div class=\"elementor-widget-wrap elementor-element-populated\">\n\t\t\t\t\t\t<div class=\"elementor-element elementor-element-661ff23 elementor-widget elementor-widget-text-editor\" data-id=\"661ff23\" data-element_type=\"widget\" data-e-type=\"widget\" data-widget_type=\"text-editor.default\">\n\t\t\t\t<div class=\"elementor-widget-container\">\n\t\t\t\t\t\t\t\t\t<p>Campaign for a connection of the city of Arnsberg to the internatio-nal air transport network. From the connecting airport of Alt-Arnsberg, the Arnsberg approach goes all over the world via the airports of Dortmund, Cologne\/Bonn and Frankfurt. Local businesses smell a boom, while conservationists worry about future prospects.<\/p><p>Andrea and Johannes Teiser, Kunstverein Arnsberg and the cooperation team with Raghild Berve, spatial planner and first German district president 1990-1998, Mayor Alex Paust, airfield manager Martin Biener and Rolf Brand, director of the tourist office<\/p>\t\t\t\t\t\t\t\t<\/div>\n\t\t\t\t<\/div>\n\t\t\t\t\t<\/div>\n\t\t<\/div>\n\t\t\t\t<div class=\"elementor-column elementor-col-25 elementor-top-column elementor-element elementor-element-5f0c764\" data-id=\"5f0c764\" data-element_type=\"column\" data-e-type=\"column\">\n\t\t\t<div class=\"elementor-widget-wrap elementor-element-populated\">\n\t\t\t\t\t\t<div class=\"elementor-element elementor-element-ecfa58b elementor-widget elementor-widget-text-editor\" data-id=\"ecfa58b\" data-element_type=\"widget\" data-e-type=\"widget\" data-widget_type=\"text-editor.default\">\n\t\t\t\t<div class=\"elementor-widget-container\">\n\t\t\t\t\t\t\t\t\t<p>Campagna per il collegamento della citt\u00e0 di Arnsberg alla rete di trasporto aereo internazionale. Dall&#8217;aeroporto di collegamento di Alt-Arnsberg, l&#8217;Arnsberg-Approach va in tutto il mondo attraverso gli aeroporti di Dortmund, Colonia\/Bonn e Francoforte. Le imprese locali sono in odore di boom, mentre gli ambientalisti si preoccupano delle prospettive future.<\/p><p>Andrea e Johannes Teiser, Kunstverein Arnsberg e il team di cooperazione con Raghild Berve, pianificatore territoriale e primo presidente distrettuale tedesco 1990-1998, Il sindaco Alex Paust, il direttore dell&#8217;aerodromo Martin Biener e Rolf Brand, direttore dell&#8217;ufficio turistico.<\/p>\t\t\t\t\t\t\t\t<\/div>\n\t\t\t\t<\/div>\n\t\t\t\t\t<\/div>\n\t\t<\/div>\n\t\t\t\t<div class=\"elementor-column elementor-col-25 elementor-top-column elementor-element elementor-element-a9b5791\" data-id=\"a9b5791\" data-element_type=\"column\" data-e-type=\"column\">\n\t\t\t<div class=\"elementor-widget-wrap elementor-element-populated\">\n\t\t\t\t\t\t<div class=\"elementor-element elementor-element-5c41b55 elementor-widget elementor-widget-text-editor\" data-id=\"5c41b55\" data-element_type=\"widget\" data-e-type=\"widget\" data-widget_type=\"text-editor.default\">\n\t\t\t\t<div class=\"elementor-widget-container\">\n\t\t\t\t\t\t\t\t\t<p>Campagne pour le raccordement de la ville d&#8217;Arnsberg au r\u00e9seau a\u00e9rien international. Depuis l&#8217;a\u00e9rodrome de raccordement d&#8217;Alt-Arnsberg, l&#8217;Arnsberg-Approach s&#8217;\u00e9tend au monde entier via les a\u00e9roports de Dortmund, Cologne\/Bonn et Francfort. Le commerce local flaire l&#8217;essor, tandis que les pro-tecteurs de la nature s&#8217;inqui\u00e8tent des perspectives d&#8217;avenir.<br \/>Andrea et Johannes Teiser, Kunstverein Arnsberg et l&#8217;\u00e9quipe de coop\u00e9ration avec Raghild Berve, am\u00e9nageuse du territoire et premi\u00e8re pr\u00e9sidente du gouvernement allemand de 1990 \u00e0 1998, le maire Alex Paust, le chef de l&#8217;a\u00e9rodrome Martin Biener et Rolf Brand, directeur de l&#8217;office du tourisme.<\/p>\t\t\t\t\t\t\t\t<\/div>\n\t\t\t\t<\/div>\n\t\t\t\t\t<\/div>\n\t\t<\/div>\n\t\t\t\t\t<\/div>\n\t\t<\/section>\n\t\t\t\t<\/div>\n\t\t","protected":false},"excerpt":{"rendered":"<p>Kunstverein Arnsberg 1992 Kampagne f\u00fcr eine Anbindung der Stadt Arnsberg ans internat-ionale Luftverkehrsnetz. Vom Anschlu\u00dfflugplatz Alt-Arnsberg geht der Arnsberg-Approach \u00fcber die Flugh\u00e4fen Dortmund, K\u00f6ln\/Bonn und Frankfurt in die ganze Welt. Das lokale Gewerbe wittert Aufschwung, w\u00e4hrend sich Natursch\u00fctzer \u00fcber die Zukunfts-perspektiven sorgen machen. Andrea und Johannes Teiser, Kunstverein Arnsberg und das Kooperationsteam mit Raghild Berve, [&hellip;]<\/p>\n","protected":false},"author":1,"featured_media":0,"parent":93,"menu_order":18,"comment_status":"closed","ping_status":"closed","template":"","meta":{"ocean_post_layout":"full-screen","ocean_both_sidebars_style":"","ocean_both_sidebars_content_width":0,"ocean_both_sidebars_sidebars_width":0,"ocean_sidebar":"0","ocean_second_sidebar":"0","ocean_disable_margins":"enable","ocean_add_body_class":"","ocean_shortcode_before_top_bar":"","ocean_shortcode_after_top_bar":"","ocean_shortcode_before_header":"","ocean_shortcode_after_header":"","ocean_has_shortcode":"","ocean_shortcode_after_title":"","ocean_shortcode_before_footer_widgets":"","ocean_shortcode_after_footer_widgets":"","ocean_shortcode_before_footer_bottom":"","ocean_shortcode_after_footer_bottom":"","ocean_display_top_bar":"off","ocean_display_header":"off","ocean_header_style":"","ocean_center_header_left_menu":"0","ocean_custom_header_template":"0","ocean_custom_logo":0,"ocean_custom_retina_logo":0,"ocean_custom_logo_max_width":0,"ocean_custom_logo_tablet_max_width":0,"ocean_custom_logo_mobile_max_width":0,"ocean_custom_logo_max_height":0,"ocean_custom_logo_tablet_max_height":0,"ocean_custom_logo_mobile_max_height":0,"ocean_header_custom_menu":"0","ocean_menu_typo_font_family":"0","ocean_menu_typo_font_subset":"","ocean_menu_typo_font_size":0,"ocean_menu_typo_font_size_tablet":0,"ocean_menu_typo_font_size_mobile":0,"ocean_menu_typo_font_size_unit":"px","ocean_menu_typo_font_weight":"","ocean_menu_typo_font_weight_tablet":"","ocean_menu_typo_font_weight_mobile":"","ocean_menu_typo_transform":"","ocean_menu_typo_transform_tablet":"","ocean_menu_typo_transform_mobile":"","ocean_menu_typo_line_height":0,"ocean_menu_typo_line_height_tablet":0,"ocean_menu_typo_line_height_mobile":0,"ocean_menu_typo_line_height_unit":"","ocean_menu_typo_spacing":0,"ocean_menu_typo_spacing_tablet":0,"ocean_menu_typo_spacing_mobile":0,"ocean_menu_typo_spacing_unit":"","ocean_menu_link_color":"","ocean_menu_link_color_hover":"","ocean_menu_link_color_active":"","ocean_menu_link_background":"","ocean_menu_link_hover_background":"","ocean_menu_link_active_background":"","ocean_menu_social_links_bg":"","ocean_menu_social_hover_links_bg":"","ocean_menu_social_links_color":"","ocean_menu_social_hover_links_color":"","ocean_disable_title":"default","ocean_disable_heading":"default","ocean_post_title":"","ocean_post_subheading":"","ocean_post_title_style":"","ocean_post_title_background_color":"","ocean_post_title_background":0,"ocean_post_title_bg_image_position":"","ocean_post_title_bg_image_attachment":"","ocean_post_title_bg_image_repeat":"","ocean_post_title_bg_image_size":"","ocean_post_title_height":0,"ocean_post_title_bg_overlay":0.5,"ocean_post_title_bg_overlay_color":"","ocean_disable_breadcrumbs":"default","ocean_breadcrumbs_color":"","ocean_breadcrumbs_separator_color":"","ocean_breadcrumbs_links_color":"","ocean_breadcrumbs_links_hover_color":"","ocean_display_footer_widgets":"off","ocean_display_footer_bottom":"off","ocean_custom_footer_template":"0","footnotes":""},"class_list":["post-3117","page","type-page","status-publish","hentry","entry"],"_links":{"self":[{"href":"https:\/\/ingoldairlines.com\/index.php?rest_route=\/wp\/v2\/pages\/3117","targetHints":{"allow":["GET"]}}],"collection":[{"href":"https:\/\/ingoldairlines.com\/index.php?rest_route=\/wp\/v2\/pages"}],"about":[{"href":"https:\/\/ingoldairlines.com\/index.php?rest_route=\/wp\/v2\/types\/page"}],"author":[{"embeddable":true,"href":"https:\/\/ingoldairlines.com\/index.php?rest_route=\/wp\/v2\/users\/1"}],"replies":[{"embeddable":true,"href":"https:\/\/ingoldairlines.com\/index.php?rest_route=%2Fwp%2Fv2%2Fcomments&post=3117"}],"version-history":[{"count":10,"href":"https:\/\/ingoldairlines.com\/index.php?rest_route=\/wp\/v2\/pages\/3117\/revisions"}],"predecessor-version":[{"id":3130,"href":"https:\/\/ingoldairlines.com\/index.php?rest_route=\/wp\/v2\/pages\/3117\/revisions\/3130"}],"up":[{"embeddable":true,"href":"https:\/\/ingoldairlines.com\/index.php?rest_route=\/wp\/v2\/pages\/93"}],"wp:attachment":[{"href":"https:\/\/ingoldairlines.com\/index.php?rest_route=%2Fwp%2Fv2%2Fmedia&parent=3117"}],"curies":[{"name":"wp","href":"https:\/\/api.w.org\/{rel}","templated":true}]}}