{"id":3916,"date":"2023-01-20T17:41:55","date_gmt":"2023-01-20T16:41:55","guid":{"rendered":"https:\/\/ingoldairlines.com\/?page_id=3916"},"modified":"2023-01-21T10:00:41","modified_gmt":"2023-01-21T09:00:41","slug":"cargo-floral","status":"publish","type":"page","link":"https:\/\/ingoldairlines.com\/?page_id=3916","title":{"rendered":"cargo floral"},"content":{"rendered":"\t\t<div data-elementor-type=\"wp-page\" data-elementor-id=\"3916\" class=\"elementor elementor-3916\" data-elementor-post-type=\"page\">\n\t\t\t\t\t\t<section class=\"elementor-section elementor-top-section elementor-element elementor-element-23cddbd elementor-section-boxed elementor-section-height-default elementor-section-height-default\" data-id=\"23cddbd\" data-element_type=\"section\" data-e-type=\"section\">\n\t\t\t\t\t\t<div class=\"elementor-container elementor-column-gap-default\">\n\t\t\t\t\t<div class=\"elementor-column elementor-col-100 elementor-top-column elementor-element elementor-element-a10943b\" data-id=\"a10943b\" data-element_type=\"column\" data-e-type=\"column\">\n\t\t\t<div class=\"elementor-widget-wrap elementor-element-populated\">\n\t\t\t\t\t\t<div class=\"elementor-element elementor-element-19856c5 elementor-widget elementor-widget-image\" data-id=\"19856c5\" data-element_type=\"widget\" data-e-type=\"widget\" data-widget_type=\"image.default\">\n\t\t\t\t<div class=\"elementor-widget-container\">\n\t\t\t\t\t\t\t\t\t\t\t\t\t\t\t<img fetchpriority=\"high\" decoding=\"async\" width=\"600\" height=\"471\" src=\"https:\/\/ingoldairlines.com\/wp-content\/uploads\/2023\/01\/cargo-floral-s.gif\" class=\"attachment-large size-large wp-image-3921\" alt=\"\" \/>\t\t\t\t\t\t\t\t\t\t\t\t\t\t\t<\/div>\n\t\t\t\t<\/div>\n\t\t\t\t\t<\/div>\n\t\t<\/div>\n\t\t\t\t\t<\/div>\n\t\t<\/section>\n\t\t\t\t<section class=\"elementor-section elementor-top-section elementor-element elementor-element-9ded350 elementor-section-boxed elementor-section-height-default elementor-section-height-default\" data-id=\"9ded350\" data-element_type=\"section\" data-e-type=\"section\">\n\t\t\t\t\t\t<div class=\"elementor-container elementor-column-gap-default\">\n\t\t\t\t\t<div class=\"elementor-column elementor-col-25 elementor-top-column elementor-element elementor-element-cdbeabe\" data-id=\"cdbeabe\" data-element_type=\"column\" data-e-type=\"column\">\n\t\t\t<div class=\"elementor-widget-wrap elementor-element-populated\">\n\t\t\t\t\t\t<div class=\"elementor-element elementor-element-ba4f89c elementor-widget elementor-widget-text-editor\" data-id=\"ba4f89c\" data-element_type=\"widget\" data-e-type=\"widget\" data-widget_type=\"text-editor.default\">\n\t\t\t\t<div class=\"elementor-widget-container\">\n\t\t\t\t\t\t\t\t\t<p>Pflanzentransport mit immuno-logisierten Flugbegleiterinnen zur Beruhigung und Absorption von Schadstoffen. Wasser- und N\u00e4hr-stoffkontrolle, Immunsystem-schutz und Hilfe bei klimatischen Anpassungen. Nicht zu verwech-seln mit Schnittblumenlogistik. <br \/>1987 TV DRS &#8211; Mode, Macher und Musik<\/p>\t\t\t\t\t\t\t\t<\/div>\n\t\t\t\t<\/div>\n\t\t\t\t\t<\/div>\n\t\t<\/div>\n\t\t\t\t<div class=\"elementor-column elementor-col-25 elementor-top-column elementor-element elementor-element-e173ad6\" data-id=\"e173ad6\" data-element_type=\"column\" data-e-type=\"column\">\n\t\t\t<div class=\"elementor-widget-wrap elementor-element-populated\">\n\t\t\t\t\t\t<div class=\"elementor-element elementor-element-1cc4f72 elementor-widget elementor-widget-text-editor\" data-id=\"1cc4f72\" data-element_type=\"widget\" data-e-type=\"widget\" data-widget_type=\"text-editor.default\">\n\t\t\t\t<div class=\"elementor-widget-container\">\n\t\t\t\t\t\t\t\t\t<p>Plant transport with immuno-logised flight attendants to calm and absorb pollutants. Water and nutrient control, immune system protection and help with climatic adjustments. Not to be confused with cut flower logistics. <br \/>1987 TV DRS &#8211; Mode, Macher und Musik<\/p>\t\t\t\t\t\t\t\t<\/div>\n\t\t\t\t<\/div>\n\t\t\t\t\t<\/div>\n\t\t<\/div>\n\t\t\t\t<div class=\"elementor-column elementor-col-25 elementor-top-column elementor-element elementor-element-751e845\" data-id=\"751e845\" data-element_type=\"column\" data-e-type=\"column\">\n\t\t\t<div class=\"elementor-widget-wrap elementor-element-populated\">\n\t\t\t\t\t\t<div class=\"elementor-element elementor-element-f678927 elementor-widget elementor-widget-text-editor\" data-id=\"f678927\" data-element_type=\"widget\" data-e-type=\"widget\" data-widget_type=\"text-editor.default\">\n\t\t\t\t<div class=\"elementor-widget-container\">\n\t\t\t\t\t\t\t\t\t<p>Trasporto vegetale con assistenti di volo immunologizzati per cal-mare e assorbire gli inquinanti. Controllo dell&#8217;acqua e dei nutri-enti, protezione del sistema immunitario e aiuto negli adatta-menti climatici. Da non confon-dere con la logistica dei fiori recisi. <br \/>1987 TV DRS &#8211; Mode, Macher und Musik<\/p>\t\t\t\t\t\t\t\t<\/div>\n\t\t\t\t<\/div>\n\t\t\t\t\t<\/div>\n\t\t<\/div>\n\t\t\t\t<div class=\"elementor-column elementor-col-25 elementor-top-column elementor-element elementor-element-f1caa88\" data-id=\"f1caa88\" data-element_type=\"column\" data-e-type=\"column\">\n\t\t\t<div class=\"elementor-widget-wrap elementor-element-populated\">\n\t\t\t\t\t\t<div class=\"elementor-element elementor-element-64475e5 elementor-widget elementor-widget-text-editor\" data-id=\"64475e5\" data-element_type=\"widget\" data-e-type=\"widget\" data-widget_type=\"text-editor.default\">\n\t\t\t\t<div class=\"elementor-widget-container\">\n\t\t\t\t\t\t\t\t\t<p>Transport de plantes par des h\u00f4tesses de l&#8217;air immunologis\u00e9es pour calmer et absorber les pollu-ants. Contr\u00f4le de l&#8217;eau et des nutriments, protection du syst\u00e8me immunitaire et aide \u00e0 l&#8217;adaptation climatique. \u00c0 ne pas confondre avec la logistique des fleurs coup\u00e9es. <br \/>1987 TV DRS &#8211; Mode, Macher und Musik<\/p>\t\t\t\t\t\t\t\t<\/div>\n\t\t\t\t<\/div>\n\t\t\t\t\t<\/div>\n\t\t<\/div>\n\t\t\t\t\t<\/div>\n\t\t<\/section>\n\t\t\t\t<\/div>\n\t\t","protected":false},"excerpt":{"rendered":"<p>Pflanzentransport mit immuno-logisierten Flugbegleiterinnen zur Beruhigung und Absorption von Schadstoffen. Wasser- und N\u00e4hr-stoffkontrolle, Immunsystem-schutz und Hilfe bei klimatischen Anpassungen. Nicht zu verwech-seln mit Schnittblumenlogistik. 1987 TV DRS &#8211; Mode, Macher und Musik Plant transport with immuno-logised flight attendants to calm and absorb pollutants. Water and nutrient control, immune system protection and help with climatic adjustments. [&hellip;]<\/p>\n","protected":false},"author":1,"featured_media":0,"parent":995,"menu_order":1,"comment_status":"closed","ping_status":"closed","template":"","meta":{"ocean_post_layout":"full-screen","ocean_both_sidebars_style":"","ocean_both_sidebars_content_width":0,"ocean_both_sidebars_sidebars_width":0,"ocean_sidebar":"0","ocean_second_sidebar":"0","ocean_disable_margins":"enable","ocean_add_body_class":"","ocean_shortcode_before_top_bar":"","ocean_shortcode_after_top_bar":"","ocean_shortcode_before_header":"","ocean_shortcode_after_header":"","ocean_has_shortcode":"","ocean_shortcode_after_title":"","ocean_shortcode_before_footer_widgets":"","ocean_shortcode_after_footer_widgets":"","ocean_shortcode_before_footer_bottom":"","ocean_shortcode_after_footer_bottom":"","ocean_display_top_bar":"off","ocean_display_header":"off","ocean_header_style":"","ocean_center_header_left_menu":"0","ocean_custom_header_template":"0","ocean_custom_logo":0,"ocean_custom_retina_logo":0,"ocean_custom_logo_max_width":0,"ocean_custom_logo_tablet_max_width":0,"ocean_custom_logo_mobile_max_width":0,"ocean_custom_logo_max_height":0,"ocean_custom_logo_tablet_max_height":0,"ocean_custom_logo_mobile_max_height":0,"ocean_header_custom_menu":"0","ocean_menu_typo_font_family":"0","ocean_menu_typo_font_subset":"","ocean_menu_typo_font_size":0,"ocean_menu_typo_font_size_tablet":0,"ocean_menu_typo_font_size_mobile":0,"ocean_menu_typo_font_size_unit":"px","ocean_menu_typo_font_weight":"","ocean_menu_typo_font_weight_tablet":"","ocean_menu_typo_font_weight_mobile":"","ocean_menu_typo_transform":"","ocean_menu_typo_transform_tablet":"","ocean_menu_typo_transform_mobile":"","ocean_menu_typo_line_height":0,"ocean_menu_typo_line_height_tablet":0,"ocean_menu_typo_line_height_mobile":0,"ocean_menu_typo_line_height_unit":"","ocean_menu_typo_spacing":0,"ocean_menu_typo_spacing_tablet":0,"ocean_menu_typo_spacing_mobile":0,"ocean_menu_typo_spacing_unit":"","ocean_menu_link_color":"","ocean_menu_link_color_hover":"","ocean_menu_link_color_active":"","ocean_menu_link_background":"","ocean_menu_link_hover_background":"","ocean_menu_link_active_background":"","ocean_menu_social_links_bg":"","ocean_menu_social_hover_links_bg":"","ocean_menu_social_links_color":"","ocean_menu_social_hover_links_color":"","ocean_disable_title":"default","ocean_disable_heading":"default","ocean_post_title":"","ocean_post_subheading":"","ocean_post_title_style":"","ocean_post_title_background_color":"","ocean_post_title_background":0,"ocean_post_title_bg_image_position":"","ocean_post_title_bg_image_attachment":"","ocean_post_title_bg_image_repeat":"","ocean_post_title_bg_image_size":"","ocean_post_title_height":0,"ocean_post_title_bg_overlay":0.5,"ocean_post_title_bg_overlay_color":"","ocean_disable_breadcrumbs":"default","ocean_breadcrumbs_color":"","ocean_breadcrumbs_separator_color":"","ocean_breadcrumbs_links_color":"","ocean_breadcrumbs_links_hover_color":"","ocean_display_footer_widgets":"off","ocean_display_footer_bottom":"off","ocean_custom_footer_template":"0","footnotes":""},"class_list":["post-3916","page","type-page","status-publish","hentry","entry"],"_links":{"self":[{"href":"https:\/\/ingoldairlines.com\/index.php?rest_route=\/wp\/v2\/pages\/3916","targetHints":{"allow":["GET"]}}],"collection":[{"href":"https:\/\/ingoldairlines.com\/index.php?rest_route=\/wp\/v2\/pages"}],"about":[{"href":"https:\/\/ingoldairlines.com\/index.php?rest_route=\/wp\/v2\/types\/page"}],"author":[{"embeddable":true,"href":"https:\/\/ingoldairlines.com\/index.php?rest_route=\/wp\/v2\/users\/1"}],"replies":[{"embeddable":true,"href":"https:\/\/ingoldairlines.com\/index.php?rest_route=%2Fwp%2Fv2%2Fcomments&post=3916"}],"version-history":[{"count":7,"href":"https:\/\/ingoldairlines.com\/index.php?rest_route=\/wp\/v2\/pages\/3916\/revisions"}],"predecessor-version":[{"id":3924,"href":"https:\/\/ingoldairlines.com\/index.php?rest_route=\/wp\/v2\/pages\/3916\/revisions\/3924"}],"up":[{"embeddable":true,"href":"https:\/\/ingoldairlines.com\/index.php?rest_route=\/wp\/v2\/pages\/995"}],"wp:attachment":[{"href":"https:\/\/ingoldairlines.com\/index.php?rest_route=%2Fwp%2Fv2%2Fmedia&parent=3916"}],"curies":[{"name":"wp","href":"https:\/\/api.w.org\/{rel}","templated":true}]}}